{"id":2542,"date":"2025-03-31T10:11:58","date_gmt":"2025-03-31T08:11:58","guid":{"rendered":"https:\/\/chateauderixensart.be\/?page_id=2542"},"modified":"2025-04-04T13:04:54","modified_gmt":"2025-04-04T11:04:54","slug":"location-pour-vos-evenements","status":"publish","type":"page","link":"https:\/\/chateauderixensart.be\/nl\/location-pour-vos-evenements\/","title":{"rendered":"Location pour vos \u00e9v\u00e9nements"},"content":{"rendered":"<p>[et_pb_section fb_built=\u00a0\u00bb1&Prime; fullwidth=\u00a0\u00bbon\u00a0\u00bb _builder_version=\u00a0\u00bb4.16&Prime; _module_preset=\u00a0\u00bbdefault\u00a0\u00bb global_colors_info=\u00a0\u00bb{}\u00a0\u00bb][et_pb_fullwidth_image src=\u00a0\u00bbhttp:\/\/chateauderixensart.be\/wp-content\/uploads\/2025\/03\/salon-1.jpg\u00a0\u00bb alt=\u00a0\u00bbVue large du grand salon, Ch\u00e2teau de Rixensart\u00a0\u00bb title_text=\u00a0\u00bbsalon\u00a0\u00bb _builder_version=\u00a0\u00bb4.27.0&Prime; _module_preset=\u00a0\u00bbdefault\u00a0\u00bb custom_padding=\u00a0\u00bb||0px|||\u00a0\u00bb global_colors_info=\u00a0\u00bb{}\u00a0\u00bb][\/et_pb_fullwidth_image][\/et_pb_section][et_pb_section fb_built=\u00a0\u00bb1&Prime; admin_label=\u00a0\u00bbClass Details Section\u00a0\u00bb _builder_version=\u00a0\u00bb4.16&Prime; background_color=\u00a0\u00bb#fefae0&Prime; custom_padding=\u00a0\u00bb0px||0px|||\u00a0\u00bb global_colors_info=\u00a0\u00bb{}\u00a0\u00bb][et_pb_row _builder_version=\u00a0\u00bb4.16&Prime; min_height=\u00a0\u00bb226.1px\u00a0\u00bb custom_margin=\u00a0\u00bb-2px|auto||auto||\u00a0\u00bb custom_padding=\u00a0\u00bb24px|||||\u00a0\u00bb global_colors_info=\u00a0\u00bb{}\u00a0\u00bb][et_pb_column type=\u00a0\u00bb4_4&Prime; _builder_version=\u00a0\u00bb4.16&Prime; custom_padding=\u00a0\u00bb|||\u00a0\u00bb global_colors_info=\u00a0\u00bb{}\u00a0\u00bb custom_padding__hover=\u00a0\u00bb|||\u00a0\u00bb][et_pb_text _builder_version=\u00a0\u00bb4.27.0&Prime; _module_preset=\u00a0\u00bbdefault\u00a0\u00bb text_font=\u00a0\u00bbEB Garamond||||||||\u00a0\u00bb text_text_color=\u00a0\u00bb#000000&Prime; text_font_size=\u00a0\u00bb20px\u00a0\u00bb text_line_height=\u00a0\u00bb2em\u00a0\u00bb header_font=\u00a0\u00bbEB Garamond|700|||||||\u00a0\u00bb hover_enabled=\u00a0\u00bb0&Prime; global_colors_info=\u00a0\u00bb{}\u00a0\u00bb sticky_enabled=\u00a0\u00bb0&Prime;]<\/p>\n<h2 style=\"text-align: center;\"><strong><em>Un lieu charg\u00e9 d\u2019histoire, hors du temps<\/em><\/strong><\/h2>\n<p>Class\u00e9 et pr\u00e9serv\u00e9 dans son d\u00e9cor authentique, le ch\u00e2teau de Rixensart offre bien plus qu\u2019un simple espace \u00e9v\u00e9nementiel : il vous invite \u00e0 un v\u00e9ritable voyage dans le temps, au c\u0153ur d\u2019un patrimoine unique. Ici, chaque pierre raconte une histoire, et chaque \u00e9v\u00e9nement prend place dans un cadre empreint d\u2019\u00e9l\u00e9gance et de m\u00e9moire.<\/p>\n<h4><strong>Espaces disponibles<\/strong><\/h4>\n<ul>\n<li><strong>Salons du ch\u00e2teau<\/strong> : possibilit\u00e9 de louer une ou plusieurs pi\u00e8ces du ch\u00e2teau, id\u00e9ales pour des r\u00e9unions en petit comit\u00e9, pouvant accueillir jusqu&rsquo;\u00e0 50 personnes.<\/li>\n<li><strong>Cour int\u00e9rieure<\/strong> : pour des \u00e9v\u00e9nements de plus grande envergure, la cour int\u00e9rieure du ch\u00e2teau peut accueillir entre 400 et 500 invit\u00e9s. Bien qu\u2019elle ne soit pas couverte, ses galeries permettent d\u2019abriter plus de 150 personnes en cas d\u2019intemp\u00e9ries. La cour est \u00e9quip\u00e9e de mobilier, d\u2019un bar, ainsi que de vestiaires, toilettes et espaces logistiques pour traiteurs. Il est \u00e9galement possible d\u2019utiliser la premi\u00e8re cour (cour d\u2019entr\u00e9e), qui peut accueillir un tr\u00e8s grand nombre de personnes.<\/li>\n<\/ul>\n<h4><strong>Services traiteur et technique<\/strong><\/h4>\n<p>Nous collaborons avec des partenaires de confiance, mais vous avez la libert\u00e9 de faire appel \u00e0 votre propre traiteur.<\/p>\n<p>Vous avez une id\u00e9e pr\u00e9cise en t\u00eate ou souhaitez organiser un \u00e9v\u00e9nement sur mesure ? Ne vous arr\u00eatez pas aux seules possibilit\u00e9s d\u00e9crites ici.<\/p>\n<p>Contactez-nous et imaginons ensemble une organisation qui fera de votre \u00e9v\u00e9nement un moment unique.<\/p>\n<p><strong>Contact<\/strong> : <a rel=\"mailto:contact@chateauderixensart.be\">contact@chateauderixensart.be<\/a><br \/><strong><\/strong><\/p>\n<p><strong>T\u00e9l\u00e9phone<\/strong> : +32 470 47 48 18<\/p>\n<p>Pour toute demande d\u2019information ou de r\u00e9servation, n\u2019h\u00e9sitez pas \u00e0 nous \u00e9crire !<\/p>\n<p>[\/et_pb_text][et_pb_gallery gallery_ids=\u00a0\u00bb1270,1259,1776,1260,1186,1923,1247,1937&Prime; posts_number=\u00a0\u00bb16&Prime; show_title_and_caption=\u00a0\u00bboff\u00a0\u00bb zoom_icon_color=\u00a0\u00bb#faedcd\u00a0\u00bb hover_overlay_color=\u00a0\u00bbrgba(0,0,0,0.28)\u00a0\u00bb _builder_version=\u00a0\u00bb4.27.0&Prime; _module_preset=\u00a0\u00bbdefault\u00a0\u00bb custom_margin=\u00a0\u00bb0px||0px||false|false\u00a0\u00bb locked=\u00a0\u00bboff\u00a0\u00bb global_colors_info=\u00a0\u00bb{}\u00a0\u00bb][\/et_pb_gallery][et_pb_divider _builder_version=\u00a0\u00bb4.16&Prime; _module_preset=\u00a0\u00bbdefault\u00a0\u00bb custom_margin=\u00a0\u00bb||0px||false|false\u00a0\u00bb global_colors_info=\u00a0\u00bb{}\u00a0\u00bb][\/et_pb_divider][\/et_pb_column][\/et_pb_row][et_pb_row _builder_version=\u00a0\u00bb4.16&Prime; _module_preset=\u00a0\u00bbdefault\u00a0\u00bb background_color=\u00a0\u00bb#d4a373&Prime; width=\u00a0\u00bb100%\u00a0\u00bb max_width=\u00a0\u00bb2560px\u00a0\u00bb min_height=\u00a0\u00bb330.4px\u00a0\u00bb custom_padding=\u00a0\u00bb||0px|||\u00a0\u00bb locked=\u00a0\u00bboff\u00a0\u00bb global_colors_info=\u00a0\u00bb{}\u00a0\u00bb][et_pb_column type=\u00a0\u00bb4_4&Prime; _builder_version=\u00a0\u00bb4.16&Prime; _module_preset=\u00a0\u00bbdefault\u00a0\u00bb global_colors_info=\u00a0\u00bb{}\u00a0\u00bb][et_pb_divider color=\u00a0\u00bb#FFFFFF\u00a0\u00bb divider_weight=\u00a0\u00bb2px\u00a0\u00bb _builder_version=\u00a0\u00bb4.16&Prime; _module_preset=\u00a0\u00bbdefault\u00a0\u00bb width=\u00a0\u00bb51%\u00a0\u00bb module_alignment=\u00a0\u00bbcenter\u00a0\u00bb custom_margin=\u00a0\u00bb||1px|||\u00a0\u00bb global_colors_info=\u00a0\u00bb{}\u00a0\u00bb][\/et_pb_divider][et_pb_text _builder_version=\u00a0\u00bb4.16&Prime; _module_preset=\u00a0\u00bbdefault\u00a0\u00bb text_font=\u00a0\u00bbEB Garamond||||||||\u00a0\u00bb text_font_size=\u00a0\u00bb19px\u00a0\u00bb header_4_font=\u00a0\u00bbEB Garamond||||||||\u00a0\u00bb header_4_font_size=\u00a0\u00bb32px\u00a0\u00bb header_4_letter_spacing=\u00a0\u00bb1px\u00a0\u00bb text_orientation=\u00a0\u00bbcenter\u00a0\u00bb global_colors_info=\u00a0\u00bb{}\u00a0\u00bb]<\/p>\n<h4>Restons en contact<\/h4>\n<p>Abonnez-vous \u00e0 la Newsletter du Ch\u00e2teau de Rixensart pour rester inform\u00e9.e !<\/p>\n<p>[\/et_pb_text][et_pb_contact_form email=\u00a0\u00bbnewsletter@chateauderixensart.be\u00a0\u00bb custom_message=\u00a0\u00bbFormulaire inscription Newsletter.||et_pb_line_break_holder||Pr\u00e9nom de l&rsquo;exp\u00e9diteur : %%Prenom%%||et_pb_line_break_holder||Nom de l&rsquo;exp\u00e9diteur : %%Nom%%||et_pb_line_break_holder||Email de l&rsquo;exp\u00e9diteur : %%mail%%||et_pb_line_break_holder||\u00a0\u00bb success_message=\u00a0\u00bbMerci pour votre inscription ! Nous ne manquerons pas de vous tenir inform\u00e9.e de nos prochains \u00e9v\u00e9nements !\u00a0\u00bb submit_button_text=\u00a0\u00bbEnvoyer\u00a0\u00bb _builder_version=\u00a0\u00bb4.16&Prime; _module_preset=\u00a0\u00bbdefault\u00a0\u00bb _unique_id=\u00a0\u00bbc22bd0ad-707f-4823-9a21-9a93fcb68d88&Prime; title_font=\u00a0\u00bbEB Garamond||||||||\u00a0\u00bb form_field_font=\u00a0\u00bbEB Garamond||||||||\u00a0\u00bb form_field_font_size=\u00a0\u00bb20px\u00a0\u00bb custom_button=\u00a0\u00bbon\u00a0\u00bb button_text_color=\u00a0\u00bb#a0a88a\u00a0\u00bb button_bg_color=\u00a0\u00bb#fefae0&Prime; button_font=\u00a0\u00bbEB Garamond||||||||\u00a0\u00bb width=\u00a0\u00bb60.1%\u00a0\u00bb max_width=\u00a0\u00bb100%\u00a0\u00bb module_alignment=\u00a0\u00bbcenter\u00a0\u00bb custom_margin=\u00a0\u00bb-42px|170px|39px|-49px||\u00a0\u00bb custom_padding=\u00a0\u00bb16px|4px||0px||\u00a0\u00bb global_colors_info=\u00a0\u00bb{}\u00a0\u00bb][et_pb_contact_field field_id=\u00a0\u00bbNom\u00a0\u00bb field_title=\u00a0\u00bbNom\u00a0\u00bb _builder_version=\u00a0\u00bb4.16&Prime; form_field_background_color=\u00a0\u00bb#fefae0&Prime; custom_margin=\u00a0\u00bb||||false|false\u00a0\u00bb border_width_all=\u00a0\u00bb1px\u00a0\u00bb border_color_all=\u00a0\u00bb#e8e2cc\u00a0\u00bb global_colors_info=\u00a0\u00bb{}\u00a0\u00bb button_text_size__hover_enabled=\u00a0\u00bboff\u00a0\u00bb button_one_text_size__hover_enabled=\u00a0\u00bboff\u00a0\u00bb button_two_text_size__hover_enabled=\u00a0\u00bboff\u00a0\u00bb button_text_color__hover_enabled=\u00a0\u00bboff\u00a0\u00bb button_one_text_color__hover_enabled=\u00a0\u00bboff\u00a0\u00bb button_two_text_color__hover_enabled=\u00a0\u00bboff\u00a0\u00bb button_border_width__hover_enabled=\u00a0\u00bboff\u00a0\u00bb button_one_border_width__hover_enabled=\u00a0\u00bboff\u00a0\u00bb button_two_border_width__hover_enabled=\u00a0\u00bboff\u00a0\u00bb button_border_color__hover_enabled=\u00a0\u00bboff\u00a0\u00bb button_one_border_color__hover_enabled=\u00a0\u00bboff\u00a0\u00bb button_two_border_color__hover_enabled=\u00a0\u00bboff\u00a0\u00bb button_border_radius__hover_enabled=\u00a0\u00bboff\u00a0\u00bb button_one_border_radius__hover_enabled=\u00a0\u00bboff\u00a0\u00bb button_two_border_radius__hover_enabled=\u00a0\u00bboff\u00a0\u00bb button_letter_spacing__hover_enabled=\u00a0\u00bboff\u00a0\u00bb button_one_letter_spacing__hover_enabled=\u00a0\u00bboff\u00a0\u00bb button_two_letter_spacing__hover_enabled=\u00a0\u00bboff\u00a0\u00bb button_bg_color__hover_enabled=\u00a0\u00bboff\u00a0\u00bb button_one_bg_color__hover_enabled=\u00a0\u00bboff\u00a0\u00bb button_two_bg_color__hover_enabled=\u00a0\u00bboff\u00a0\u00bb][\/et_pb_contact_field][et_pb_contact_field field_id=\u00a0\u00bbPrenom\u00a0\u00bb field_title=\u00a0\u00bbPr\u00e9nom\u00a0\u00bb _builder_version=\u00a0\u00bb4.16&Prime; form_field_background_color=\u00a0\u00bb#fefae0&Prime; text_orientation=\u00a0\u00bbleft\u00a0\u00bb border_width_all=\u00a0\u00bb1px\u00a0\u00bb border_color_all=\u00a0\u00bb#e8e2cc\u00a0\u00bb global_colors_info=\u00a0\u00bb{}\u00a0\u00bb button_text_size__hover_enabled=\u00a0\u00bboff\u00a0\u00bb button_one_text_size__hover_enabled=\u00a0\u00bboff\u00a0\u00bb button_two_text_size__hover_enabled=\u00a0\u00bboff\u00a0\u00bb button_text_color__hover_enabled=\u00a0\u00bboff\u00a0\u00bb button_one_text_color__hover_enabled=\u00a0\u00bboff\u00a0\u00bb button_two_text_color__hover_enabled=\u00a0\u00bboff\u00a0\u00bb button_border_width__hover_enabled=\u00a0\u00bboff\u00a0\u00bb button_one_border_width__hover_enabled=\u00a0\u00bboff\u00a0\u00bb button_two_border_width__hover_enabled=\u00a0\u00bboff\u00a0\u00bb button_border_color__hover_enabled=\u00a0\u00bboff\u00a0\u00bb button_one_border_color__hover_enabled=\u00a0\u00bboff\u00a0\u00bb button_two_border_color__hover_enabled=\u00a0\u00bboff\u00a0\u00bb button_border_radius__hover_enabled=\u00a0\u00bboff\u00a0\u00bb button_one_border_radius__hover_enabled=\u00a0\u00bboff\u00a0\u00bb button_two_border_radius__hover_enabled=\u00a0\u00bboff\u00a0\u00bb button_letter_spacing__hover_enabled=\u00a0\u00bboff\u00a0\u00bb button_one_letter_spacing__hover_enabled=\u00a0\u00bboff\u00a0\u00bb button_two_letter_spacing__hover_enabled=\u00a0\u00bboff\u00a0\u00bb button_bg_color__hover_enabled=\u00a0\u00bboff\u00a0\u00bb button_one_bg_color__hover_enabled=\u00a0\u00bboff\u00a0\u00bb button_two_bg_color__hover_enabled=\u00a0\u00bboff\u00a0\u00bb][\/et_pb_contact_field][et_pb_contact_field field_id=\u00a0\u00bbEmail\u00a0\u00bb field_title=\u00a0\u00bbAdresse e-mail\u00a0\u00bb field_type=\u00a0\u00bbemail\u00a0\u00bb _builder_version=\u00a0\u00bb4.16&Prime; form_field_background_color=\u00a0\u00bb#fefae0&Prime; custom_margin=\u00a0\u00bb||||false|false\u00a0\u00bb custom_padding=\u00a0\u00bb20px||||false|false\u00a0\u00bb border_width_all=\u00a0\u00bb1px\u00a0\u00bb border_color_all=\u00a0\u00bb#e8e2cc\u00a0\u00bb global_colors_info=\u00a0\u00bb{}\u00a0\u00bb button_text_size__hover_enabled=\u00a0\u00bboff\u00a0\u00bb button_one_text_size__hover_enabled=\u00a0\u00bboff\u00a0\u00bb button_two_text_size__hover_enabled=\u00a0\u00bboff\u00a0\u00bb button_text_color__hover_enabled=\u00a0\u00bboff\u00a0\u00bb button_one_text_color__hover_enabled=\u00a0\u00bboff\u00a0\u00bb button_two_text_color__hover_enabled=\u00a0\u00bboff\u00a0\u00bb button_border_width__hover_enabled=\u00a0\u00bboff\u00a0\u00bb button_one_border_width__hover_enabled=\u00a0\u00bboff\u00a0\u00bb button_two_border_width__hover_enabled=\u00a0\u00bboff\u00a0\u00bb button_border_color__hover_enabled=\u00a0\u00bboff\u00a0\u00bb button_one_border_color__hover_enabled=\u00a0\u00bboff\u00a0\u00bb button_two_border_color__hover_enabled=\u00a0\u00bboff\u00a0\u00bb button_border_radius__hover_enabled=\u00a0\u00bboff\u00a0\u00bb button_one_border_radius__hover_enabled=\u00a0\u00bboff\u00a0\u00bb button_two_border_radius__hover_enabled=\u00a0\u00bboff\u00a0\u00bb button_letter_spacing__hover_enabled=\u00a0\u00bboff\u00a0\u00bb button_one_letter_spacing__hover_enabled=\u00a0\u00bboff\u00a0\u00bb button_two_letter_spacing__hover_enabled=\u00a0\u00bboff\u00a0\u00bb button_bg_color__hover_enabled=\u00a0\u00bboff\u00a0\u00bb button_one_bg_color__hover_enabled=\u00a0\u00bboff\u00a0\u00bb button_two_bg_color__hover_enabled=\u00a0\u00bboff\u00a0\u00bb][\/et_pb_contact_field][\/et_pb_contact_form][\/et_pb_column][\/et_pb_row][\/et_pb_section]<\/p>","protected":false},"excerpt":{"rendered":"<p>Un lieu charg\u00e9 d\u2019histoire, hors du temps Class\u00e9 et pr\u00e9serv\u00e9 dans son d\u00e9cor authentique, le ch\u00e2teau de Rixensart offre bien plus qu\u2019un simple espace \u00e9v\u00e9nementiel : il vous invite \u00e0 un v\u00e9ritable voyage dans le temps, au c\u0153ur d\u2019un patrimoine unique. Ici, chaque pierre raconte une histoire, et chaque \u00e9v\u00e9nement prend place dans un cadre [&hellip;]<\/p>","protected":false},"author":1,"featured_media":0,"parent":0,"menu_order":0,"comment_status":"closed","ping_status":"closed","template":"","meta":{"_et_pb_use_builder":"on","_et_pb_old_content":"","_et_gb_content_width":"","footnotes":""},"class_list":["post-2542","page","type-page","status-publish","hentry"],"_links":{"self":[{"href":"https:\/\/chateauderixensart.be\/nl\/wp-json\/wp\/v2\/pages\/2542","targetHints":{"allow":["GET"]}}],"collection":[{"href":"https:\/\/chateauderixensart.be\/nl\/wp-json\/wp\/v2\/pages"}],"about":[{"href":"https:\/\/chateauderixensart.be\/nl\/wp-json\/wp\/v2\/types\/page"}],"author":[{"embeddable":true,"href":"https:\/\/chateauderixensart.be\/nl\/wp-json\/wp\/v2\/users\/1"}],"replies":[{"embeddable":true,"href":"https:\/\/chateauderixensart.be\/nl\/wp-json\/wp\/v2\/comments?post=2542"}],"version-history":[{"count":8,"href":"https:\/\/chateauderixensart.be\/nl\/wp-json\/wp\/v2\/pages\/2542\/revisions"}],"predecessor-version":[{"id":2572,"href":"https:\/\/chateauderixensart.be\/nl\/wp-json\/wp\/v2\/pages\/2542\/revisions\/2572"}],"wp:attachment":[{"href":"https:\/\/chateauderixensart.be\/nl\/wp-json\/wp\/v2\/media?parent=2542"}],"curies":[{"name":"wp","href":"https:\/\/api.w.org\/{rel}","templated":true}]}}